{"id":153,"date":"2024-01-16T11:47:02","date_gmt":"2024-01-16T11:47:02","guid":{"rendered":"http:\/\/bando.com.tr\/?page_id=153"},"modified":"2024-01-27T10:55:11","modified_gmt":"2024-01-27T10:55:11","slug":"culturel-fish","status":"publish","type":"page","link":"https:\/\/www.bando.com.tr\/tr\/culturel-fish\/","title":{"rendered":"K\u00fclt\u00fcr Bal\u0131\u011f\u0131"},"content":{"rendered":"","protected":false},"excerpt":{"rendered":"","protected":false},"author":1,"featured_media":0,"parent":0,"menu_order":0,"comment_status":"closed","ping_status":"closed","template":"","meta":[],"_links":{"self":[{"href":"https:\/\/www.bando.com.tr\/tr\/wp-json\/wp\/v2\/pages\/153"}],"collection":[{"href":"https:\/\/www.bando.com.tr\/tr\/wp-json\/wp\/v2\/pages"}],"about":[{"href":"https:\/\/www.bando.com.tr\/tr\/wp-json\/wp\/v2\/types\/page"}],"author":[{"embeddable":true,"href":"https:\/\/www.bando.com.tr\/tr\/wp-json\/wp\/v2\/users\/1"}],"replies":[{"embeddable":true,"href":"https:\/\/www.bando.com.tr\/tr\/wp-json\/wp\/v2\/comments?post=153"}],"version-history":[{"count":2,"href":"https:\/\/www.bando.com.tr\/tr\/wp-json\/wp\/v2\/pages\/153\/revisions"}],"predecessor-version":[{"id":296,"href":"https:\/\/www.bando.com.tr\/tr\/wp-json\/wp\/v2\/pages\/153\/revisions\/296"}],"wp:attachment":[{"href":"https:\/\/www.bando.com.tr\/tr\/wp-json\/wp\/v2\/media?parent=153"}],"curies":[{"name":"wp","href":"https:\/\/api.w.org\/{rel}","templated":true}]}}