{"id":176,"date":"2024-01-16T11:59:13","date_gmt":"2024-01-16T11:59:13","guid":{"rendered":"http:\/\/bando.com.tr\/?page_id=176"},"modified":"2024-01-20T18:47:28","modified_gmt":"2024-01-20T18:47:28","slug":"sales-points","status":"publish","type":"page","link":"https:\/\/www.bando.com.tr\/tr\/sales-points\/","title":{"rendered":"Sat\u0131\u015f Noktalar\u0131"},"content":{"rendered":"","protected":false},"excerpt":{"rendered":"","protected":false},"author":1,"featured_media":0,"parent":0,"menu_order":0,"comment_status":"closed","ping_status":"closed","template":"","meta":[],"_links":{"self":[{"href":"https:\/\/www.bando.com.tr\/tr\/wp-json\/wp\/v2\/pages\/176"}],"collection":[{"href":"https:\/\/www.bando.com.tr\/tr\/wp-json\/wp\/v2\/pages"}],"about":[{"href":"https:\/\/www.bando.com.tr\/tr\/wp-json\/wp\/v2\/types\/page"}],"author":[{"embeddable":true,"href":"https:\/\/www.bando.com.tr\/tr\/wp-json\/wp\/v2\/users\/1"}],"replies":[{"embeddable":true,"href":"https:\/\/www.bando.com.tr\/tr\/wp-json\/wp\/v2\/comments?post=176"}],"version-history":[{"count":1,"href":"https:\/\/www.bando.com.tr\/tr\/wp-json\/wp\/v2\/pages\/176\/revisions"}],"predecessor-version":[{"id":177,"href":"https:\/\/www.bando.com.tr\/tr\/wp-json\/wp\/v2\/pages\/176\/revisions\/177"}],"wp:attachment":[{"href":"https:\/\/www.bando.com.tr\/tr\/wp-json\/wp\/v2\/media?parent=176"}],"curies":[{"name":"wp","href":"https:\/\/api.w.org\/{rel}","templated":true}]}}